{"id":271,"date":"2024-11-21T23:36:11","date_gmt":"2024-11-21T23:36:11","guid":{"rendered":"http:\/\/wfh.wrq.mybluehost.me\/website_618b1d3e\/?page_id=271"},"modified":"2026-03-12T14:27:50","modified_gmt":"2026-03-12T14:27:50","slug":"contact","status":"publish","type":"page","link":"https:\/\/terrantai.com\/en\/contact\/","title":{"rendered":"Contact us"},"content":{"rendered":"<div data-elementor-type=\"wp-page\" data-elementor-id=\"271\" class=\"elementor elementor-271\" data-elementor-post-type=\"page\">\n\t\t\t\t\t\t<section class=\"elementor-section elementor-top-section elementor-element elementor-element-6405f070 elementor-section-height-min-height elementor-section-boxed elementor-section-height-default elementor-section-items-middle\" data-id=\"6405f070\" data-element_type=\"section\" data-e-type=\"section\" data-settings=\"{&quot;background_background&quot;:&quot;classic&quot;}\">\n\t\t\t\t\t\t\t<div class=\"elementor-background-overlay\"><\/div>\n\t\t\t\t\t\t\t<div class=\"elementor-container elementor-column-gap-no\">\n\t\t\t\t\t<div class=\"elementor-column elementor-col-100 elementor-top-column elementor-element elementor-element-deb5848\" data-id=\"deb5848\" data-element_type=\"column\" data-e-type=\"column\">\n\t\t\t<div class=\"elementor-widget-wrap elementor-element-populated\">\n\t\t\t\t\t\t<div class=\"elementor-element elementor-element-40fd22d4 elementor-widget elementor-widget-heading\" data-id=\"40fd22d4\" data-element_type=\"widget\" data-e-type=\"widget\" data-settings=\"{&quot;ekit_we_effect_on&quot;:&quot;none&quot;}\" data-widget_type=\"heading.default\">\n\t\t\t\t<div class=\"elementor-widget-container\">\n\t\t\t\t\t<h1 class=\"elementor-heading-title elementor-size-default\">Contact<\/h1>\t\t\t\t<\/div>\n\t\t\t\t<\/div>\n\t\t\t\t<div class=\"elementor-element elementor-element-103029a elementor-view-default elementor-widget elementor-widget-icon\" data-id=\"103029a\" data-element_type=\"widget\" data-e-type=\"widget\" data-settings=\"{&quot;ekit_we_effect_on&quot;:&quot;none&quot;}\" data-widget_type=\"icon.default\">\n\t\t\t\t<div class=\"elementor-widget-container\">\n\t\t\t\t\t\t\t<div class=\"elementor-icon-wrapper\">\n\t\t\t<a class=\"elementor-icon\" href=\"https:\/\/terrantai.com\/en\/\">\n\t\t\t<svg aria-hidden=\"true\" class=\"e-font-icon-svg e-fas-house-user\" viewbox=\"0 0 576 512\" xmlns=\"http:\/\/www.w3.org\/2000\/svg\"><path d=\"M570.69,236.27,512,184.44V48a16,16,0,0,0-16-16H432a16,16,0,0,0-16,16V99.67L314.78,10.3C308.5,4.61,296.53,0,288,0s-20.46,4.61-26.74,10.3l-256,226A18.27,18.27,0,0,0,0,248.2a18.64,18.64,0,0,0,4.09,10.71L25.5,282.7a21.14,21.14,0,0,0,12,5.3,21.67,21.67,0,0,0,10.69-4.11l15.9-14V480a32,32,0,0,0,32,32H480a32,32,0,0,0,32-32V269.88l15.91,14A21.94,21.94,0,0,0,538.63,288a20.89,20.89,0,0,0,11.87-5.31l21.41-23.81A21.64,21.64,0,0,0,576,248.19,21,21,0,0,0,570.69,236.27ZM288,176a64,64,0,1,1-64,64A64,64,0,0,1,288,176ZM400,448H176a16,16,0,0,1-16-16,96,96,0,0,1,96-96h64a96,96,0,0,1,96,96A16,16,0,0,1,400,448Z\"><\/path><\/svg>\t\t\t<\/a>\n\t\t<\/div>\n\t\t\t\t\t\t<\/div>\n\t\t\t\t<\/div>\n\t\t\t\t\t<\/div>\n\t\t<\/div>\n\t\t\t\t\t<\/div>\n\t\t<\/section>\n\t\t\t\t<section class=\"elementor-section elementor-top-section elementor-element elementor-element-3948d1d6 elementor-section-boxed elementor-section-height-default elementor-section-height-default\" data-id=\"3948d1d6\" data-element_type=\"section\" data-e-type=\"section\">\n\t\t\t\t\t\t\t<div class=\"elementor-background-overlay\"><\/div>\n\t\t\t\t\t\t\t<div class=\"elementor-container elementor-column-gap-no\">\n\t\t\t\t\t<div class=\"elementor-column elementor-col-100 elementor-top-column elementor-element elementor-element-67a170e3\" data-id=\"67a170e3\" data-element_type=\"column\" data-e-type=\"column\">\n\t\t\t<div class=\"elementor-widget-wrap elementor-element-populated\">\n\t\t\t\t\t\t<section class=\"elementor-section elementor-inner-section elementor-element elementor-element-21fb3e62 elementor-reverse-tablet elementor-reverse-mobile elementor-section-boxed elementor-section-height-default elementor-section-height-default\" data-id=\"21fb3e62\" data-element_type=\"section\" data-e-type=\"section\">\n\t\t\t\t\t\t\t<div class=\"elementor-background-overlay\"><\/div>\n\t\t\t\t\t\t\t<div class=\"elementor-container elementor-column-gap-no\">\n\t\t\t\t\t<div class=\"elementor-column elementor-col-50 elementor-inner-column elementor-element elementor-element-3db48e0d\" data-id=\"3db48e0d\" data-element_type=\"column\" data-e-type=\"column\" data-settings=\"{&quot;background_background&quot;:&quot;classic&quot;}\">\n\t\t\t<div class=\"elementor-widget-wrap elementor-element-populated\">\n\t\t\t\t\t<div class=\"elementor-background-overlay\"><\/div>\n\t\t\t\t\t\t<div class=\"elementor-element elementor-element-c7a9b38 elementor-widget elementor-widget-html\" data-id=\"c7a9b38\" data-element_type=\"widget\" data-e-type=\"widget\" data-settings=\"{&quot;ekit_we_effect_on&quot;:&quot;none&quot;}\" data-widget_type=\"html.default\">\n\t\t\t\t<div class=\"elementor-widget-container\">\n\t\t\t\t\t<form\n  action=\"https:\/\/formspree.io\/f\/mdkzndew\"\n  method=\"POST\"\n>\n  <label>\n    Name:\n    <input type=\"text\" name=\"nombre\">\n  <\/label>\n  <label>\n    Email:\n    <input type=\"email\" name=\"email\">\n  <\/label>\n  <label>\n    Phone :\n    <input type=\"tel\" name=\"telefono\">\n  <\/label>\n  <label>\n    Leave your message:\n    <textarea name=\"message\"><\/textarea>\n  <\/label>\n  <button type=\"submit\">Send<\/button>\n<\/form>\n\t\t\t\t<\/div>\n\t\t\t\t<\/div>\n\t\t\t\t\t<\/div>\n\t\t<\/div>\n\t\t\t\t<div class=\"elementor-column elementor-col-50 elementor-inner-column elementor-element elementor-element-3b6ca11e\" data-id=\"3b6ca11e\" data-element_type=\"column\" data-e-type=\"column\">\n\t\t\t<div class=\"elementor-widget-wrap elementor-element-populated\">\n\t\t\t\t\t\t<div class=\"elementor-element elementor-element-34ef020e elementor-widget__width-initial elementor-widget elementor-widget-heading\" data-id=\"34ef020e\" data-element_type=\"widget\" data-e-type=\"widget\" data-settings=\"{&quot;ekit_we_effect_on&quot;:&quot;none&quot;}\" data-widget_type=\"heading.default\">\n\t\t\t\t<div class=\"elementor-widget-container\">\n\t\t\t\t\t<h6 class=\"elementor-heading-title elementor-size-default\">CONTACT us<\/h6>\t\t\t\t<\/div>\n\t\t\t\t<\/div>\n\t\t\t\t<div class=\"elementor-element elementor-element-246e42aa elementor-widget__width-initial elementor-widget elementor-widget-heading\" data-id=\"246e42aa\" data-element_type=\"widget\" data-e-type=\"widget\" data-settings=\"{&quot;ekit_we_effect_on&quot;:&quot;none&quot;}\" data-widget_type=\"heading.default\">\n\t\t\t\t<div class=\"elementor-widget-container\">\n\t\t\t\t\t<h2 class=\"elementor-heading-title elementor-size-default\">Contact us <\/h2>\t\t\t\t<\/div>\n\t\t\t\t<\/div>\n\t\t\t\t<div class=\"elementor-element elementor-element-1dbf158a elementor-widget elementor-widget-text-editor\" data-id=\"1dbf158a\" data-element_type=\"widget\" data-e-type=\"widget\" data-settings=\"{&quot;ekit_we_effect_on&quot;:&quot;none&quot;}\" data-widget_type=\"text-editor.default\">\n\t\t\t\t<div class=\"elementor-widget-container\">\n\t\t\t\t\t\t\t\t\t<p>Nuestro equipo estar\u00e1 encantado de asistirle con reservas, consultas o cualquier informaci\u00f3n sobre su pr\u00f3xima estad\u00eda en San Pedro de Atacama.<\/p><p>A continuaci\u00f3n encontrar\u00e1 los datos de contacto de nuestro hotel y de nuestra oficina comercial:<\/p>\t\t\t\t\t\t\t\t<\/div>\n\t\t\t\t<\/div>\n\t\t<div class=\"elementor-element elementor-element-5c21df4 e-flex e-con-boxed e-con e-parent\" data-id=\"5c21df4\" data-element_type=\"container\" data-e-type=\"container\">\n\t\t\t\t\t<div class=\"e-con-inner\">\n\t\t<div class=\"elementor-element elementor-element-7ef17b9 e-con-full e-flex e-con e-child\" data-id=\"7ef17b9\" data-element_type=\"container\" data-e-type=\"container\">\n\t\t\t\t<div class=\"elementor-element elementor-element-0485341 elementor-widget elementor-widget-heading\" data-id=\"0485341\" data-element_type=\"widget\" data-e-type=\"widget\" data-settings=\"{&quot;ekit_we_effect_on&quot;:&quot;none&quot;}\" data-widget_type=\"heading.default\">\n\t\t\t\t<div class=\"elementor-widget-container\">\n\t\t\t\t\t<h6 class=\"elementor-heading-title elementor-size-default\">Hotel Terrantai \u2013 San Pedro de Atacama<\/h6>\t\t\t\t<\/div>\n\t\t\t\t<\/div>\n\t\t\t\t<div class=\"elementor-element elementor-element-e7e1e48 elementor-widget elementor-widget-text-editor\" data-id=\"e7e1e48\" data-element_type=\"widget\" data-e-type=\"widget\" data-settings=\"{&quot;ekit_we_effect_on&quot;:&quot;none&quot;}\" data-widget_type=\"text-editor.default\">\n\t\t\t\t<div class=\"elementor-widget-container\">\n\t\t\t\t\t\t\t\t\t<p><strong data-start=\"465\" data-end=\"488\">Ubicaci\u00f3n del hotel<\/strong><br data-start=\"488\" data-end=\"491\" \/>Tocopilla 411<br data-start=\"504\" data-end=\"507\" \/>San Pedro de Atacama, Chile<\/p><p style=\"color: #000000; font-size: medium;\" data-start=\"538\" data-end=\"580\"><strong data-start=\"538\" data-end=\"560\">Tel\u00e9fono recepci\u00f3n<\/strong><br data-start=\"560\" data-end=\"563\" \/>+56 9 3349 3183<\/p><p style=\"color: #000000; font-size: medium;\" data-start=\"582\" data-end=\"624\"><strong data-start=\"582\" data-end=\"601\">Email recepci\u00f3n<\/strong><br data-start=\"601\" data-end=\"604\" \/><a class=\"decorated-link cursor-pointer\" rel=\"noopener\" data-start=\"604\" data-end=\"622\">recepcion@terrantai.com<\/a><\/p>\t\t\t\t\t\t\t\t<\/div>\n\t\t\t\t<\/div>\n\t\t\t\t<\/div>\n\t\t<div class=\"elementor-element elementor-element-a9e632a e-con-full e-flex e-con e-child\" data-id=\"a9e632a\" data-element_type=\"container\" data-e-type=\"container\">\n\t\t\t\t<div class=\"elementor-element elementor-element-dcdbb59 elementor-widget elementor-widget-heading\" data-id=\"dcdbb59\" data-element_type=\"widget\" data-e-type=\"widget\" data-settings=\"{&quot;ekit_we_effect_on&quot;:&quot;none&quot;}\" data-widget_type=\"heading.default\">\n\t\t\t\t<div class=\"elementor-widget-container\">\n\t\t\t\t\t<h6 class=\"elementor-heading-title elementor-size-default\">Oficina Comercial - Providencia, Santiago de Chile<\/h6>\t\t\t\t<\/div>\n\t\t\t\t<\/div>\n\t\t\t\t<div class=\"elementor-element elementor-element-288be61 elementor-widget elementor-widget-text-editor\" data-id=\"288be61\" data-element_type=\"widget\" data-e-type=\"widget\" data-settings=\"{&quot;ekit_we_effect_on&quot;:&quot;none&quot;}\" data-widget_type=\"text-editor.default\">\n\t\t\t\t<div class=\"elementor-widget-container\">\n\t\t\t\t\t\t\t\t\t<p data-start=\"670\" data-end=\"764\"><strong data-start=\"670\" data-end=\"701\">Direcci\u00f3n oficina comercial<\/strong><br data-start=\"701\" data-end=\"704\" \/>Alfredo Barros Err\u00e1zuriz 1954, Piso 17<br data-start=\"742\" data-end=\"745\" \/>Santiago de Chile<\/p><p data-start=\"766\" data-end=\"808\"><strong data-start=\"766\" data-end=\"788\">Tel\u00e9fono comercial<\/strong><br data-start=\"788\" data-end=\"791\" \/>+56 9 9829 7862<\/p><p data-start=\"766\" data-end=\"808\"><strong data-start=\"810\" data-end=\"829\">Email comercial<\/strong><br data-start=\"829\" data-end=\"832\" \/><a class=\"decorated-link cursor-pointer\" rel=\"noopener\" data-start=\"832\" data-end=\"853\">info@terrantai.com<\/a><\/p>\t\t\t\t\t\t\t\t<\/div>\n\t\t\t\t<\/div>\n\t\t\t\t<\/div>\n\t\t\t\t\t<\/div>\n\t\t\t\t<\/div>\n\t\t\t\t\t<\/div>\n\t\t<\/div>\n\t\t\t\t\t<\/div>\n\t\t<\/section>\n\t\t\t\t\t<\/div>\n\t\t<\/div>\n\t\t\t\t\t<\/div>\n\t\t<\/section>\n\t\t\t\t<section class=\"elementor-section elementor-top-section elementor-element elementor-element-efbb040 elementor-section-full_width elementor-section-height-default elementor-section-height-default\" data-id=\"efbb040\" data-element_type=\"section\" data-e-type=\"section\">\n\t\t\t\t\t\t<div class=\"elementor-container elementor-column-gap-no\">\n\t\t\t\t\t<div class=\"elementor-column elementor-col-100 elementor-top-column elementor-element elementor-element-2c8e51b9\" data-id=\"2c8e51b9\" data-element_type=\"column\" data-e-type=\"column\">\n\t\t\t<div class=\"elementor-widget-wrap elementor-element-populated\">\n\t\t\t\t\t\t<div class=\"elementor-element elementor-element-25ee3f9c elementor-widget elementor-widget-google_maps\" data-id=\"25ee3f9c\" data-element_type=\"widget\" data-e-type=\"widget\" data-settings=\"{&quot;ekit_we_effect_on&quot;:&quot;none&quot;}\" data-widget_type=\"google_maps.default\">\n\t\t\t\t<div class=\"elementor-widget-container\">\n\t\t\t\t\t\t\t<div class=\"elementor-custom-embed\">\n\t\t\t<iframe loading=\"lazy\"\n\t\t\t\t\tsrc=\"https:\/\/maps.google.com\/maps?q=Tocopilla%20411%2C%20San%20Pedro%20de%20Atacama%2C%20Chile&#038;t=m&#038;z=16&#038;output=embed&#038;iwloc=near\"\n\t\t\t\t\ttitle=\"Tocopilla 411, San Pedro de Atacama, Chile\"\n\t\t\t\t\taria-label=\"Tocopilla 411, San Pedro de Atacama, Chile\"\n\t\t\t><\/iframe>\n\t\t<\/div>\n\t\t\t\t\t\t<\/div>\n\t\t\t\t<\/div>\n\t\t\t\t\t<\/div>\n\t\t<\/div>\n\t\t\t\t\t<\/div>\n\t\t<\/section>\n\t\t\t\t<\/div>","protected":false},"excerpt":{"rendered":"<p>Contacto Nombre: Correo: Tel\u00e9fono: Tu mensaje: Enviar CONT\u00c1CTANOS P\u00f3ngase en contacto con nosotros Nuestro equipo estar\u00e1 encantado de asistirle con reservas, consultas o cualquier informaci\u00f3n sobre su pr\u00f3xima estad\u00eda en San Pedro de Atacama. A continuaci\u00f3n encontrar\u00e1 los datos de contacto de nuestro hotel y de nuestra oficina comercial: Hotel Terrantai \u2013 San Pedro de [&hellip;]<\/p>\n","protected":false},"author":1,"featured_media":0,"parent":0,"menu_order":0,"comment_status":"closed","ping_status":"closed","template":"elementor_header_footer","meta":{"nf_dc_page":"","footnotes":""},"class_list":["post-271","page","type-page","status-publish","hentry"],"yoast_head":"<!-- This site is optimized with the Yoast SEO plugin v27.4 - https:\/\/yoast.com\/product\/yoast-seo-wordpress\/ -->\n<title>Cont\u00e1ctanos | Hotel Terrantai en San Pedro de Atacama<\/title>\n<meta name=\"description\" content=\"\u00bfTienes dudas o quieres reservar? Contacta al Hotel Terrantai en San Pedro de Atacama. Tel\u00e9fono, email y ubicaci\u00f3n en el coraz\u00f3n del norte de Chile.\" \/>\n<meta name=\"robots\" content=\"index, follow, max-snippet:-1, max-image-preview:large, max-video-preview:-1\" \/>\n<link rel=\"canonical\" href=\"https:\/\/terrantai.com\/en\/contact\/\" \/>\n<meta property=\"og:locale\" content=\"en_US\" \/>\n<meta property=\"og:type\" content=\"article\" \/>\n<meta property=\"og:title\" content=\"Cont\u00e1ctanos | Hotel Terrantai en San Pedro de Atacama\" \/>\n<meta property=\"og:description\" content=\"\u00bfTienes dudas o quieres reservar? Contacta al Hotel Terrantai en San Pedro de Atacama. Tel\u00e9fono, email y ubicaci\u00f3n en el coraz\u00f3n del norte de Chile.\" \/>\n<meta property=\"og:url\" content=\"https:\/\/terrantai.com\/en\/contact\/\" \/>\n<meta property=\"article:modified_time\" content=\"2026-03-12T14:27:50+00:00\" \/>\n<meta name=\"twitter:card\" content=\"summary_large_image\" \/>\n<meta name=\"twitter:label1\" content=\"Est. reading time\" \/>\n\t<meta name=\"twitter:data1\" content=\"1 minute\" \/>\n<script type=\"application\/ld+json\" class=\"yoast-schema-graph\">{\"@context\":\"https:\\\/\\\/schema.org\",\"@graph\":[{\"@type\":\"WebPage\",\"@id\":\"https:\\\/\\\/terrantai.com\\\/en\\\/contact\\\/\",\"url\":\"https:\\\/\\\/terrantai.com\\\/en\\\/contact\\\/\",\"name\":\"Cont\u00e1ctanos | Hotel Terrantai en San Pedro de Atacama\",\"isPartOf\":{\"@id\":\"https:\\\/\\\/terrantai.com\\\/es\\\/#website\"},\"datePublished\":\"2024-11-21T23:36:11+00:00\",\"dateModified\":\"2026-03-12T14:27:50+00:00\",\"description\":\"\u00bfTienes dudas o quieres reservar? Contacta al Hotel Terrantai en San Pedro de Atacama. Tel\u00e9fono, email y ubicaci\u00f3n en el coraz\u00f3n del norte de Chile.\",\"breadcrumb\":{\"@id\":\"https:\\\/\\\/terrantai.com\\\/en\\\/contact\\\/#breadcrumb\"},\"inLanguage\":\"en-US\",\"potentialAction\":[{\"@type\":\"ReadAction\",\"target\":[\"https:\\\/\\\/terrantai.com\\\/en\\\/contact\\\/\"]}]},{\"@type\":\"BreadcrumbList\",\"@id\":\"https:\\\/\\\/terrantai.com\\\/en\\\/contact\\\/#breadcrumb\",\"itemListElement\":[{\"@type\":\"ListItem\",\"position\":1,\"name\":\"Home\",\"item\":\"https:\\\/\\\/terrantai.com\\\/es\\\/\"},{\"@type\":\"ListItem\",\"position\":2,\"name\":\"Cont\u00e1ctanos\"}]},{\"@type\":\"WebSite\",\"@id\":\"https:\\\/\\\/terrantai.com\\\/es\\\/#website\",\"url\":\"https:\\\/\\\/terrantai.com\\\/es\\\/\",\"name\":\"\",\"description\":\"\",\"potentialAction\":[{\"@type\":\"SearchAction\",\"target\":{\"@type\":\"EntryPoint\",\"urlTemplate\":\"https:\\\/\\\/terrantai.com\\\/es\\\/?s={search_term_string}\"},\"query-input\":{\"@type\":\"PropertyValueSpecification\",\"valueRequired\":true,\"valueName\":\"search_term_string\"}}],\"inLanguage\":\"en-US\"}]}<\/script>\n<!-- \/ Yoast SEO plugin. -->","yoast_head_json":{"title":"Cont\u00e1ctanos | Hotel Terrantai en San Pedro de Atacama","description":"\u00bfTienes dudas o quieres reservar? Contacta al Hotel Terrantai en San Pedro de Atacama. Tel\u00e9fono, email y ubicaci\u00f3n en el coraz\u00f3n del norte de Chile.","robots":{"index":"index","follow":"follow","max-snippet":"max-snippet:-1","max-image-preview":"max-image-preview:large","max-video-preview":"max-video-preview:-1"},"canonical":"https:\/\/terrantai.com\/en\/contact\/","og_locale":"en_US","og_type":"article","og_title":"Cont\u00e1ctanos | Hotel Terrantai en San Pedro de Atacama","og_description":"\u00bfTienes dudas o quieres reservar? Contacta al Hotel Terrantai en San Pedro de Atacama. Tel\u00e9fono, email y ubicaci\u00f3n en el coraz\u00f3n del norte de Chile.","og_url":"https:\/\/terrantai.com\/en\/contact\/","article_modified_time":"2026-03-12T14:27:50+00:00","twitter_card":"summary_large_image","twitter_misc":{"Est. reading time":"1 minute"},"schema":{"@context":"https:\/\/schema.org","@graph":[{"@type":"WebPage","@id":"https:\/\/terrantai.com\/en\/contact\/","url":"https:\/\/terrantai.com\/en\/contact\/","name":"Cont\u00e1ctanos | Hotel Terrantai en San Pedro de Atacama","isPartOf":{"@id":"https:\/\/terrantai.com\/es\/#website"},"datePublished":"2024-11-21T23:36:11+00:00","dateModified":"2026-03-12T14:27:50+00:00","description":"\u00bfTienes dudas o quieres reservar? Contacta al Hotel Terrantai en San Pedro de Atacama. Tel\u00e9fono, email y ubicaci\u00f3n en el coraz\u00f3n del norte de Chile.","breadcrumb":{"@id":"https:\/\/terrantai.com\/en\/contact\/#breadcrumb"},"inLanguage":"en-US","potentialAction":[{"@type":"ReadAction","target":["https:\/\/terrantai.com\/en\/contact\/"]}]},{"@type":"BreadcrumbList","@id":"https:\/\/terrantai.com\/en\/contact\/#breadcrumb","itemListElement":[{"@type":"ListItem","position":1,"name":"Home","item":"https:\/\/terrantai.com\/es\/"},{"@type":"ListItem","position":2,"name":"Cont\u00e1ctanos"}]},{"@type":"WebSite","@id":"https:\/\/terrantai.com\/es\/#website","url":"https:\/\/terrantai.com\/es\/","name":"","description":"","potentialAction":[{"@type":"SearchAction","target":{"@type":"EntryPoint","urlTemplate":"https:\/\/terrantai.com\/es\/?s={search_term_string}"},"query-input":{"@type":"PropertyValueSpecification","valueRequired":true,"valueName":"search_term_string"}}],"inLanguage":"en-US"}]}},"jetpack_sharing_enabled":true,"_links":{"self":[{"href":"https:\/\/terrantai.com\/en\/wp-json\/wp\/v2\/pages\/271","targetHints":{"allow":["GET"]}}],"collection":[{"href":"https:\/\/terrantai.com\/en\/wp-json\/wp\/v2\/pages"}],"about":[{"href":"https:\/\/terrantai.com\/en\/wp-json\/wp\/v2\/types\/page"}],"author":[{"embeddable":true,"href":"https:\/\/terrantai.com\/en\/wp-json\/wp\/v2\/users\/1"}],"replies":[{"embeddable":true,"href":"https:\/\/terrantai.com\/en\/wp-json\/wp\/v2\/comments?post=271"}],"version-history":[{"count":20,"href":"https:\/\/terrantai.com\/en\/wp-json\/wp\/v2\/pages\/271\/revisions"}],"predecessor-version":[{"id":24324,"href":"https:\/\/terrantai.com\/en\/wp-json\/wp\/v2\/pages\/271\/revisions\/24324"}],"wp:attachment":[{"href":"https:\/\/terrantai.com\/en\/wp-json\/wp\/v2\/media?parent=271"}],"curies":[{"name":"wp","href":"https:\/\/api.w.org\/{rel}","templated":true}]}}