{"id":22376,"date":"2025-05-19T00:08:06","date_gmt":"2025-05-19T00:08:06","guid":{"rendered":"https:\/\/wfh.wrq.mybluehost.me\/website_618b1d3e\/?page_id=22376"},"modified":"2025-07-11T20:45:26","modified_gmt":"2025-07-11T20:45:26","slug":"vacantes-terrantai","status":"publish","type":"page","link":"https:\/\/terrantai.com\/en\/vacantes-terrantai\/","title":{"rendered":"Vacantes-terrantai"},"content":{"rendered":"<div data-elementor-type=\"wp-page\" data-elementor-id=\"22376\" class=\"elementor elementor-22376\" data-elementor-post-type=\"page\">\n\t\t\t\t<div class=\"elementor-element elementor-element-7b29dd3 e-con-full e-flex e-con e-parent\" data-id=\"7b29dd3\" data-element_type=\"container\" data-e-type=\"container\" data-settings=\"{&quot;background_background&quot;:&quot;classic&quot;}\">\n\t\t\t\t<div class=\"elementor-element elementor-element-beeeaf1 elementor-widget__width-inherit elementor-widget elementor-widget-heading\" data-id=\"beeeaf1\" data-element_type=\"widget\" data-e-type=\"widget\" data-settings=\"{&quot;ekit_we_effect_on&quot;:&quot;none&quot;}\" data-widget_type=\"heading.default\">\n\t\t\t\t<div class=\"elementor-widget-container\">\n\t\t\t\t\t<h1 class=\"elementor-heading-title elementor-size-default\">Vacantes<\/h1>\t\t\t\t<\/div>\n\t\t\t\t<\/div>\n\t\t\t\t<div class=\"elementor-element elementor-element-afb763c elementor-view-default elementor-widget elementor-widget-icon\" data-id=\"afb763c\" data-element_type=\"widget\" data-e-type=\"widget\" data-settings=\"{&quot;ekit_we_effect_on&quot;:&quot;none&quot;}\" data-widget_type=\"icon.default\">\n\t\t\t\t<div class=\"elementor-widget-container\">\n\t\t\t\t\t\t\t<div class=\"elementor-icon-wrapper\">\n\t\t\t<a class=\"elementor-icon\" href=\"https:\/\/terrantai.com\/en\/\">\n\t\t\t<svg aria-hidden=\"true\" class=\"e-font-icon-svg e-fas-house-user\" viewbox=\"0 0 576 512\" xmlns=\"http:\/\/www.w3.org\/2000\/svg\"><path d=\"M570.69,236.27,512,184.44V48a16,16,0,0,0-16-16H432a16,16,0,0,0-16,16V99.67L314.78,10.3C308.5,4.61,296.53,0,288,0s-20.46,4.61-26.74,10.3l-256,226A18.27,18.27,0,0,0,0,248.2a18.64,18.64,0,0,0,4.09,10.71L25.5,282.7a21.14,21.14,0,0,0,12,5.3,21.67,21.67,0,0,0,10.69-4.11l15.9-14V480a32,32,0,0,0,32,32H480a32,32,0,0,0,32-32V269.88l15.91,14A21.94,21.94,0,0,0,538.63,288a20.89,20.89,0,0,0,11.87-5.31l21.41-23.81A21.64,21.64,0,0,0,576,248.19,21,21,0,0,0,570.69,236.27ZM288,176a64,64,0,1,1-64,64A64,64,0,0,1,288,176ZM400,448H176a16,16,0,0,1-16-16,96,96,0,0,1,96-96h64a96,96,0,0,1,96,96A16,16,0,0,1,400,448Z\"><\/path><\/svg>\t\t\t<\/a>\n\t\t<\/div>\n\t\t\t\t\t\t<\/div>\n\t\t\t\t<\/div>\n\t\t\t\t<\/div>\n\t\t<div class=\"elementor-element elementor-element-e1130b5 e-flex e-con-boxed e-con e-parent\" data-id=\"e1130b5\" data-element_type=\"container\" data-e-type=\"container\">\n\t\t\t\t\t<div class=\"e-con-inner\">\n\t\t\t\t<div class=\"elementor-element elementor-element-e811fb5 ekit-equal-height-disable elementor-widget elementor-widget-elementskit-icon-box\" data-id=\"e811fb5\" data-element_type=\"widget\" data-e-type=\"widget\" data-settings=\"{&quot;ekit_we_effect_on&quot;:&quot;none&quot;}\" data-widget_type=\"elementskit-icon-box.default\">\n\t\t\t\t<div class=\"elementor-widget-container\">\n\t\t\t\t\t<div class=\"ekit-wid-con\" >        <!-- link opening -->\n                <!-- end link opening -->\n\n        <div class=\"elementskit-infobox text- text-left icon-lef-right-aligin elementor-animation- media\">\n                            <div class=\"elementskit-box-header\">\n                <div class=\"elementskit-info-box-icon text-center\">\n                    <img data-recalc-dims=\"1\" loading=\"lazy\" decoding=\"async\" width=\"800\" height=\"1037\" src=\"https:\/\/i0.wp.com\/terrantai.com\/wp-content\/uploads\/id%3Ab062b9ff086ec9e41979ff43a9ca73f4\/http%3A\/\/wfh.wrq.mybluehost.me\/website_618b1d3e\/cropped-image-5.png?resize=800%2C1037\" class=\"attachment- size-\" alt=\"\" srcset=\"https:\/\/i0.wp.com\/terrantai.com\/wp-content\/uploads\/id%3Ab062b9ff086ec9e41979ff43a9ca73f4\/http%3A\/\/wfh.wrq.mybluehost.me\/website_618b1d3e\/cropped-image-5.png?w=801 801w, https:\/\/i0.wp.com\/terrantai.com\/wp-content\/uploads\/id%3Ab062b9ff086ec9e41979ff43a9ca73f4\/http%3A\/\/wfh.wrq.mybluehost.me\/website_618b1d3e\/cropped-image-5.png?resize=232%2C300 232w, https:\/\/i0.wp.com\/terrantai.com\/wp-content\/uploads\/id%3Ab062b9ff086ec9e41979ff43a9ca73f4\/http%3A\/\/wfh.wrq.mybluehost.me\/website_618b1d3e\/cropped-image-5.png?resize=790%2C1024 790w, https:\/\/i0.wp.com\/terrantai.com\/wp-content\/uploads\/id%3Ab062b9ff086ec9e41979ff43a9ca73f4\/http%3A\/\/wfh.wrq.mybluehost.me\/website_618b1d3e\/cropped-image-5.png?resize=768%2C995 768w\" sizes=\"auto, (max-width: 800px) 100vw, 800px\" \/>                <\/div>\n          <\/div>\n                <div class=\"box-body\">\n                            <span class=\"elementskit-info-box-title\">\n                    VACANTES DISPONIBLES                <\/span>\n                                            <\/div>\n        \n        \n                <\/div>\n        <\/div>\t\t\t\t<\/div>\n\t\t\t\t<\/div>\n\t\t\t\t\t<\/div>\n\t\t\t\t<\/div>\n\t\t<div class=\"elementor-element elementor-element-9a04d90 e-flex e-con-boxed e-con e-parent\" data-id=\"9a04d90\" data-element_type=\"container\" data-e-type=\"container\">\n\t\t\t\t\t<div class=\"e-con-inner\">\n\t\t\t\t<div class=\"elementor-element elementor-element-a5c5de4 elementor-widget elementor-widget-html\" data-id=\"a5c5de4\" data-element_type=\"widget\" data-e-type=\"widget\" data-settings=\"{&quot;ekit_we_effect_on&quot;:&quot;none&quot;}\" data-widget_type=\"html.default\">\n\t\t\t\t<div class=\"elementor-widget-container\">\n\t\t\t\t\t<style>\n  .form-container {\n    max-width: 600px;\n    margin: 2rem auto;\n    padding: 2rem;\n    border-radius: 12px;\n    box-shadow: 0 4px 8px rgba(0,0,0,0.1);\n    font-family: 'Arial', sans-serif;\n  }\n\n  .form-container label {\n    display: block;\n    margin-bottom: 1rem;\n    font-weight: bold;\n  }\n\n  .form-container input,\n  .form-container select,\n  .form-container textarea {\n    width: 100%;\n    padding: 0.75rem;\n    border: 1px solid #ccc;\n    border-radius: 8px;\n    margin-top: 0.5rem;\n    font-size: 1rem;\n  }\n\n  .form-container button {\n    background-color: #C22C2C;\n    color: white;\n    padding: 0.75rem 1.5rem;\n    border: none;\n    border-radius: 8px;\n    font-size: 1rem;\n    cursor: pointer;\n    margin-top: 1rem;\n    transition: background 0.3s ease;\n  }\n\n  .form-container button:hover {\n    background-color: #45a049;\n  }\n\n  @media (max-width: 480px) {\n    .form-container {\n      padding: 1rem;\n    }\n  }\n<\/style>\n\n<form class=\"form-container\" action=\"https:\/\/formspree.io\/f\/mdkzndew\" method=\"POST\">\n  <label>\n    Nombre completo (obligatorio):\n    <input type=\"text\" name=\"nombre\" required>\n  <\/label>\n\n  <label>\n    Correo electr\u00f3nico (obligatorio):\n    <input type=\"email\" name=\"email\" required>\n  <\/label>\n\n  <label>\n    Tel\u00e9fono de contacto (opcional):\n    <input type=\"tel\" name=\"telefono\">\n  <\/label>\n\n  <label>\n    Departamento al que le gustar\u00eda postular (obligatorio):\n    <select name=\"departamento\" required>\n      <option value=\"\">Seleccione una opci\u00f3n<\/option>\n      <option value=\"Recepci\u00f3n\">Recepci\u00f3n<\/option>\n      <option value=\"Reservas\">Reservas<\/option>\n      <option value=\"Housekeeping\">Housekeeping<\/option>\n      <option value=\"Marketing y ventas\">Marketing y ventas<\/option>\n      <option value=\"Otro\">Otro<\/option>\n    <\/select>\n  <\/label>\n\n  <label>\n    Mensaje o presentaci\u00f3n personal (obligatorio):\n    <textarea name=\"mensaje\" rows=\"5\" required><\/textarea>\n  <\/label>\n\n  <button type=\"submit\">Enviar postulaci\u00f3n<\/button>\n<\/form>\n\t\t\t\t<\/div>\n\t\t\t\t<\/div>\n\t\t\t\t\t<\/div>\n\t\t\t\t<\/div>\n\t\t\t\t<\/div>","protected":false},"excerpt":{"rendered":"<p>Vacantes VACANTES DISPONIBLES Nombre completo (obligatorio): Correo electr\u00f3nico (obligatorio): Tel\u00e9fono de contacto (opcional): Departamento al que le gustar\u00eda postular (obligatorio): Seleccione una opci\u00f3nRecepci\u00f3nReservasHousekeepingMarketing y ventasOtro Mensaje o presentaci\u00f3n personal (obligatorio): Enviar postulaci\u00f3n<\/p>","protected":false},"author":1,"featured_media":0,"parent":0,"menu_order":0,"comment_status":"closed","ping_status":"closed","template":"","meta":{"nf_dc_page":"","footnotes":""},"class_list":["post-22376","page","type-page","status-publish","hentry"],"yoast_head":"<!-- This site is optimized with the Yoast SEO plugin v27.4 - https:\/\/yoast.com\/product\/yoast-seo-wordpress\/ -->\n<title>Trabaja en Hotel Terrantai | Vacantes en San Pedro de Atacama<\/title>\n<meta name=\"description\" content=\"\u00danete al equipo de Hotel Terrantai en San Pedro de Atacama. Descubre vacantes en hoteler\u00eda, turismo y bienestar en el coraz\u00f3n del Norte de Chile.\" \/>\n<meta name=\"robots\" content=\"index, follow, max-snippet:-1, max-image-preview:large, max-video-preview:-1\" \/>\n<link rel=\"canonical\" href=\"https:\/\/terrantai.com\/en\/vacantes-terrantai\/\" \/>\n<meta property=\"og:locale\" content=\"en_US\" \/>\n<meta property=\"og:type\" content=\"article\" \/>\n<meta property=\"og:title\" content=\"Trabaja en Hotel Terrantai | Vacantes en San Pedro de Atacama\" \/>\n<meta property=\"og:description\" content=\"\u00danete al equipo de Hotel Terrantai en San Pedro de Atacama. Descubre vacantes en hoteler\u00eda, turismo y bienestar en el coraz\u00f3n del Norte de Chile.\" \/>\n<meta property=\"og:url\" content=\"https:\/\/terrantai.com\/en\/vacantes-terrantai\/\" \/>\n<meta property=\"article:modified_time\" content=\"2025-07-11T20:45:26+00:00\" \/>\n<meta property=\"og:image\" content=\"http:\/\/terrantai.com\/wp-content\/uploads\/id:b062b9ff086ec9e41979ff43a9ca73f4\/http:\/\/wfh.wrq.mybluehost.me\/website_618b1d3e\/cropped-image-5.png\" \/>\n<meta name=\"twitter:card\" content=\"summary_large_image\" \/>\n<meta name=\"twitter:label1\" content=\"Est. reading time\" \/>\n\t<meta name=\"twitter:data1\" content=\"1 minute\" \/>\n<script type=\"application\/ld+json\" class=\"yoast-schema-graph\">{\"@context\":\"https:\\\/\\\/schema.org\",\"@graph\":[{\"@type\":\"WebPage\",\"@id\":\"https:\\\/\\\/terrantai.com\\\/en\\\/vacantes-terrantai\\\/\",\"url\":\"https:\\\/\\\/terrantai.com\\\/en\\\/vacantes-terrantai\\\/\",\"name\":\"Trabaja en Hotel Terrantai | Vacantes en San Pedro de Atacama\",\"isPartOf\":{\"@id\":\"https:\\\/\\\/terrantai.com\\\/es\\\/#website\"},\"primaryImageOfPage\":{\"@id\":\"https:\\\/\\\/terrantai.com\\\/en\\\/vacantes-terrantai\\\/#primaryimage\"},\"image\":{\"@id\":\"https:\\\/\\\/terrantai.com\\\/en\\\/vacantes-terrantai\\\/#primaryimage\"},\"thumbnailUrl\":\"http:\\\/\\\/terrantai.com\\\/wp-content\\\/uploads\\\/id:b062b9ff086ec9e41979ff43a9ca73f4\\\/http:\\\/\\\/wfh.wrq.mybluehost.me\\\/website_618b1d3e\\\/cropped-image-5.png\",\"datePublished\":\"2025-05-19T00:08:06+00:00\",\"dateModified\":\"2025-07-11T20:45:26+00:00\",\"description\":\"\u00danete al equipo de Hotel Terrantai en San Pedro de Atacama. Descubre vacantes en hoteler\u00eda, turismo y bienestar en el coraz\u00f3n del Norte de Chile.\",\"breadcrumb\":{\"@id\":\"https:\\\/\\\/terrantai.com\\\/en\\\/vacantes-terrantai\\\/#breadcrumb\"},\"inLanguage\":\"en-US\",\"potentialAction\":[{\"@type\":\"ReadAction\",\"target\":[\"https:\\\/\\\/terrantai.com\\\/en\\\/vacantes-terrantai\\\/\"]}]},{\"@type\":\"ImageObject\",\"inLanguage\":\"en-US\",\"@id\":\"https:\\\/\\\/terrantai.com\\\/en\\\/vacantes-terrantai\\\/#primaryimage\",\"url\":\"http:\\\/\\\/terrantai.com\\\/wp-content\\\/uploads\\\/id:b062b9ff086ec9e41979ff43a9ca73f4\\\/http:\\\/\\\/wfh.wrq.mybluehost.me\\\/website_618b1d3e\\\/cropped-image-5.png\",\"contentUrl\":\"http:\\\/\\\/terrantai.com\\\/wp-content\\\/uploads\\\/id:b062b9ff086ec9e41979ff43a9ca73f4\\\/http:\\\/\\\/wfh.wrq.mybluehost.me\\\/website_618b1d3e\\\/cropped-image-5.png\"},{\"@type\":\"BreadcrumbList\",\"@id\":\"https:\\\/\\\/terrantai.com\\\/en\\\/vacantes-terrantai\\\/#breadcrumb\",\"itemListElement\":[{\"@type\":\"ListItem\",\"position\":1,\"name\":\"Home\",\"item\":\"https:\\\/\\\/terrantai.com\\\/es\\\/\"},{\"@type\":\"ListItem\",\"position\":2,\"name\":\"Vacantes-terrantai\"}]},{\"@type\":\"WebSite\",\"@id\":\"https:\\\/\\\/terrantai.com\\\/es\\\/#website\",\"url\":\"https:\\\/\\\/terrantai.com\\\/es\\\/\",\"name\":\"\",\"description\":\"\",\"potentialAction\":[{\"@type\":\"SearchAction\",\"target\":{\"@type\":\"EntryPoint\",\"urlTemplate\":\"https:\\\/\\\/terrantai.com\\\/es\\\/?s={search_term_string}\"},\"query-input\":{\"@type\":\"PropertyValueSpecification\",\"valueRequired\":true,\"valueName\":\"search_term_string\"}}],\"inLanguage\":\"en-US\"}]}<\/script>\n<!-- \/ Yoast SEO plugin. -->","yoast_head_json":{"title":"Trabaja en Hotel Terrantai | Vacantes en San Pedro de Atacama","description":"\u00danete al equipo de Hotel Terrantai en San Pedro de Atacama. Descubre vacantes en hoteler\u00eda, turismo y bienestar en el coraz\u00f3n del Norte de Chile.","robots":{"index":"index","follow":"follow","max-snippet":"max-snippet:-1","max-image-preview":"max-image-preview:large","max-video-preview":"max-video-preview:-1"},"canonical":"https:\/\/terrantai.com\/en\/vacantes-terrantai\/","og_locale":"en_US","og_type":"article","og_title":"Trabaja en Hotel Terrantai | Vacantes en San Pedro de Atacama","og_description":"\u00danete al equipo de Hotel Terrantai en San Pedro de Atacama. Descubre vacantes en hoteler\u00eda, turismo y bienestar en el coraz\u00f3n del Norte de Chile.","og_url":"https:\/\/terrantai.com\/en\/vacantes-terrantai\/","article_modified_time":"2025-07-11T20:45:26+00:00","og_image":[{"url":"http:\/\/terrantai.com\/wp-content\/uploads\/id:b062b9ff086ec9e41979ff43a9ca73f4\/http:\/\/wfh.wrq.mybluehost.me\/website_618b1d3e\/cropped-image-5.png","type":"","width":"","height":""}],"twitter_card":"summary_large_image","twitter_misc":{"Est. reading time":"1 minute"},"schema":{"@context":"https:\/\/schema.org","@graph":[{"@type":"WebPage","@id":"https:\/\/terrantai.com\/en\/vacantes-terrantai\/","url":"https:\/\/terrantai.com\/en\/vacantes-terrantai\/","name":"Trabaja en Hotel Terrantai | Vacantes en San Pedro de Atacama","isPartOf":{"@id":"https:\/\/terrantai.com\/es\/#website"},"primaryImageOfPage":{"@id":"https:\/\/terrantai.com\/en\/vacantes-terrantai\/#primaryimage"},"image":{"@id":"https:\/\/terrantai.com\/en\/vacantes-terrantai\/#primaryimage"},"thumbnailUrl":"http:\/\/terrantai.com\/wp-content\/uploads\/id:b062b9ff086ec9e41979ff43a9ca73f4\/http:\/\/wfh.wrq.mybluehost.me\/website_618b1d3e\/cropped-image-5.png","datePublished":"2025-05-19T00:08:06+00:00","dateModified":"2025-07-11T20:45:26+00:00","description":"\u00danete al equipo de Hotel Terrantai en San Pedro de Atacama. Descubre vacantes en hoteler\u00eda, turismo y bienestar en el coraz\u00f3n del Norte de Chile.","breadcrumb":{"@id":"https:\/\/terrantai.com\/en\/vacantes-terrantai\/#breadcrumb"},"inLanguage":"en-US","potentialAction":[{"@type":"ReadAction","target":["https:\/\/terrantai.com\/en\/vacantes-terrantai\/"]}]},{"@type":"ImageObject","inLanguage":"en-US","@id":"https:\/\/terrantai.com\/en\/vacantes-terrantai\/#primaryimage","url":"http:\/\/terrantai.com\/wp-content\/uploads\/id:b062b9ff086ec9e41979ff43a9ca73f4\/http:\/\/wfh.wrq.mybluehost.me\/website_618b1d3e\/cropped-image-5.png","contentUrl":"http:\/\/terrantai.com\/wp-content\/uploads\/id:b062b9ff086ec9e41979ff43a9ca73f4\/http:\/\/wfh.wrq.mybluehost.me\/website_618b1d3e\/cropped-image-5.png"},{"@type":"BreadcrumbList","@id":"https:\/\/terrantai.com\/en\/vacantes-terrantai\/#breadcrumb","itemListElement":[{"@type":"ListItem","position":1,"name":"Home","item":"https:\/\/terrantai.com\/es\/"},{"@type":"ListItem","position":2,"name":"Vacantes-terrantai"}]},{"@type":"WebSite","@id":"https:\/\/terrantai.com\/es\/#website","url":"https:\/\/terrantai.com\/es\/","name":"","description":"","potentialAction":[{"@type":"SearchAction","target":{"@type":"EntryPoint","urlTemplate":"https:\/\/terrantai.com\/es\/?s={search_term_string}"},"query-input":{"@type":"PropertyValueSpecification","valueRequired":true,"valueName":"search_term_string"}}],"inLanguage":"en-US"}]}},"jetpack_sharing_enabled":true,"_links":{"self":[{"href":"https:\/\/terrantai.com\/en\/wp-json\/wp\/v2\/pages\/22376","targetHints":{"allow":["GET"]}}],"collection":[{"href":"https:\/\/terrantai.com\/en\/wp-json\/wp\/v2\/pages"}],"about":[{"href":"https:\/\/terrantai.com\/en\/wp-json\/wp\/v2\/types\/page"}],"author":[{"embeddable":true,"href":"https:\/\/terrantai.com\/en\/wp-json\/wp\/v2\/users\/1"}],"replies":[{"embeddable":true,"href":"https:\/\/terrantai.com\/en\/wp-json\/wp\/v2\/comments?post=22376"}],"version-history":[{"count":0,"href":"https:\/\/terrantai.com\/en\/wp-json\/wp\/v2\/pages\/22376\/revisions"}],"wp:attachment":[{"href":"https:\/\/terrantai.com\/en\/wp-json\/wp\/v2\/media?parent=22376"}],"curies":[{"name":"wp","href":"https:\/\/api.w.org\/{rel}","templated":true}]}}